{"id":2260,"date":"2017-03-27T18:11:11","date_gmt":"2017-03-27T18:11:11","guid":{"rendered":"https:\/\/centraldecomunicacao.com.br\/site\/?page_id=2260"},"modified":"2017-05-05T17:22:50","modified_gmt":"2017-05-05T17:22:50","slug":"servicos","status":"publish","type":"page","link":"https:\/\/centraldecomunicacao.com.br\/site\/servicos\/","title":{"rendered":"Servi\u00e7os"},"content":{"rendered":"<p>[vc_row][vc_column][vc_column_text]<\/p>\n<h4 style=\"text-align: center;\"><strong>Consultoria de Comunica\u00e7\u00e3o e Estrat\u00e9gias<\/strong><\/h4>\n<h4><span data-mce-mark=\"1\"><img decoding=\"async\" class=\"alignnone size-full wp-image-2512\" src=\"https:\/\/centraldecomunicacao.com.br\/site\/wp-content\/uploads\/2017\/04\/seta6.gif\" alt=\"\" width=\"12\" height=\"11\" \/><\/span>Planejamento Estrat\u00e9gico de Comunica\u00e7\u00e3o<\/h4>\n<h4><span data-mce-mark=\"1\"><img decoding=\"async\" class=\"alignnone size-full wp-image-2512\" src=\"https:\/\/centraldecomunicacao.com.br\/site\/wp-content\/uploads\/2017\/04\/seta6.gif\" alt=\"\" width=\"12\" height=\"11\" \/>Publica\u00e7\u00f5es<\/span><\/h4>\n<h4><span data-mce-mark=\"1\"><img decoding=\"async\" class=\"alignnone size-full wp-image-2512\" src=\"https:\/\/centraldecomunicacao.com.br\/site\/wp-content\/uploads\/2017\/04\/seta6.gif\" alt=\"\" width=\"12\" height=\"11\" \/>Produ\u00e7\u00e3o Editorial Websites<\/span><\/h4>\n<h4><span data-mce-mark=\"1\"><img decoding=\"async\" class=\"alignnone size-full wp-image-2512\" src=\"https:\/\/centraldecomunicacao.com.br\/site\/wp-content\/uploads\/2017\/04\/seta6.gif\" alt=\"\" width=\"12\" height=\"11\" \/>Administra\u00e7\u00e3o de Crises<\/span><\/h4>\n<h4><span data-mce-mark=\"1\"><img decoding=\"async\" class=\"alignnone size-full wp-image-2512\" src=\"https:\/\/centraldecomunicacao.com.br\/site\/wp-content\/uploads\/2017\/04\/seta6.gif\" alt=\"\" width=\"12\" height=\"11\" \/>Alinhamento de Projetos<\/span><\/h4>\n<h4><span data-mce-mark=\"1\"><img decoding=\"async\" class=\"alignnone size-full wp-image-2512\" src=\"https:\/\/centraldecomunicacao.com.br\/site\/wp-content\/uploads\/2017\/04\/seta6.gif\" alt=\"\" width=\"12\" height=\"11\" \/>V\u00eddeos Institucionais<\/span><\/h4>\n<h4><span data-mce-mark=\"1\"><img decoding=\"async\" class=\"alignnone size-full wp-image-2512\" src=\"https:\/\/centraldecomunicacao.com.br\/site\/wp-content\/uploads\/2017\/04\/seta6.gif\" alt=\"\" width=\"12\" height=\"11\" \/>Programas de Radio e TV<\/span><\/h4>\n<h4><span data-mce-mark=\"1\"><img decoding=\"async\" class=\"alignnone size-full wp-image-2512\" src=\"https:\/\/centraldecomunicacao.com.br\/site\/wp-content\/uploads\/2017\/04\/seta6.gif\" alt=\"\" width=\"12\" height=\"11\" \/>News Letter<\/span><\/h4>\n<p>[\/vc_column_text][vc_separator color=&#8221;blue&#8221; css_animation=&#8221;bounceIn&#8221;][\/vc_column][\/vc_row][vc_row][vc_column][vc_column_text]<\/p>\n<h4 style=\"text-align: center;\"><strong> Assessoria de Imprensa<\/strong><\/h4>\n<h4><span data-mce-mark=\"1\"><img decoding=\"async\" class=\"alignnone size-full wp-image-2512\" src=\"https:\/\/centraldecomunicacao.com.br\/site\/wp-content\/uploads\/2017\/04\/seta6.gif\" alt=\"\" width=\"12\" height=\"11\" \/>\u00a0Relacionamento com a M\u00eddia<\/span><\/h4>\n<h4><span data-mce-mark=\"1\"><img decoding=\"async\" class=\"alignnone size-full wp-image-2512\" src=\"https:\/\/centraldecomunicacao.com.br\/site\/wp-content\/uploads\/2017\/04\/seta6.gif\" alt=\"\" width=\"12\" height=\"11\" \/>\u00a0Lan\u00e7amentos de Produtos e Projetos<\/span><\/h4>\n<h4><span data-mce-mark=\"1\"><img decoding=\"async\" class=\"alignnone size-full wp-image-2512\" src=\"https:\/\/centraldecomunicacao.com.br\/site\/wp-content\/uploads\/2017\/04\/seta6.gif\" alt=\"\" width=\"12\" height=\"11\" \/>\u00a0Banco de Pautas;<\/span><\/h4>\n<p>[\/vc_column_text][\/vc_column][\/vc_row][vc_row][vc_column][vc_separator color=&#8221;blue&#8221; css_animation=&#8221;bounceIn&#8221;][\/vc_column][\/vc_row][vc_row][vc_column][vc_column_text]<\/p>\n<h4 style=\"text-align: center;\"><span data-mce-mark=\"1\"><strong>Gest\u00e3o e \u00a0Solu\u00e7\u00f5es Estrat\u00e9gicas de Eventos<\/strong><\/span><\/h4>\n<h4><span data-mce-mark=\"1\"><img decoding=\"async\" class=\"alignnone size-full wp-image-2512\" src=\"https:\/\/centraldecomunicacao.com.br\/site\/wp-content\/uploads\/2017\/04\/seta6.gif\" alt=\"\" width=\"12\" height=\"11\" \/>\u00a0Gest\u00e3o e Coordena\u00e7\u00e3o de eventos culturais, art\u00edsticos, corporativos e estandes para feiras<\/span><\/h4>\n<h4><span data-mce-mark=\"1\"><img decoding=\"async\" class=\"alignnone size-full wp-image-2512\" src=\"https:\/\/centraldecomunicacao.com.br\/site\/wp-content\/uploads\/2017\/04\/seta6.gif\" alt=\"\" width=\"12\" height=\"11\" \/>\u00a0Produ\u00e7\u00e3o e contrata\u00e7\u00e3o de pessoal e fornecedores \u00a0<\/span><\/h4>\n<h4><span data-mce-mark=\"1\"><img decoding=\"async\" class=\"alignnone size-full wp-image-2512\" src=\"https:\/\/centraldecomunicacao.com.br\/site\/wp-content\/uploads\/2017\/04\/seta6.gif\" alt=\"\" width=\"12\" height=\"11\" \/>\u00a0Cria\u00e7\u00e3o e Planejamento de eventos e promo\u00e7\u00f5es<\/span><\/h4>\n<p>[\/vc_column_text][\/vc_column][\/vc_row][vc_row][vc_column][vc_separator color=&#8221;blue&#8221; css_animation=&#8221;bounceIn&#8221;][\/vc_column][\/vc_row][vc_row][vc_column][vc_column_text]<\/p>\n<h4 style=\"text-align: center;\"><strong>Consultoria de Comunica\u00e7\u00e3o em Diversidade<\/strong><\/h4>\n<h4><span data-mce-mark=\"1\"><img decoding=\"async\" class=\"alignnone size-full wp-image-2512\" src=\"https:\/\/centraldecomunicacao.com.br\/site\/wp-content\/uploads\/2017\/04\/seta6.gif\" alt=\"\" width=\"12\" height=\"11\" \/>\u00a0Pesquisa de Banco de Dados com recorte racial (fornecedores negros)<\/span><\/h4>\n<h4><span data-mce-mark=\"1\"><img decoding=\"async\" class=\"alignnone size-full wp-image-2512\" src=\"https:\/\/centraldecomunicacao.com.br\/site\/wp-content\/uploads\/2017\/04\/seta6.gif\" alt=\"\" width=\"12\" height=\"11\" \/>\u00a0identifica\u00e7\u00e3o na base de Recursos Humanos da Empresa (profissionais negros)<\/span><\/h4>\n<h4><span data-mce-mark=\"1\"><img decoding=\"async\" class=\"alignnone size-full wp-image-2512\" src=\"https:\/\/centraldecomunicacao.com.br\/site\/wp-content\/uploads\/2017\/04\/seta6.gif\" alt=\"\" width=\"12\" height=\"11\" \/><\/span><span data-mce-mark=\"1\">Assessoria e Consultoria aos departamentos de compras, employer branding e RH<\/span><\/h4>\n<h4><span data-mce-mark=\"1\"><img decoding=\"async\" class=\"alignnone size-full wp-image-2512\" src=\"https:\/\/centraldecomunicacao.com.br\/site\/wp-content\/uploads\/2017\/04\/seta6.gif\" alt=\"\" width=\"12\" height=\"11\" \/>\u00a0<\/span><span data-mce-mark=\"1\">Organiza\u00e7\u00e3o de eventos para Diversidade Empresarial<\/span><\/h4>\n<p>[\/vc_column_text][\/vc_column][\/vc_row]<\/p>\n","protected":false},"excerpt":{"rendered":"<p>[vc_row][vc_column][vc_column_text] Consultoria de Comunica\u00e7\u00e3o e Estrat\u00e9gias Planejamento Estrat\u00e9gico de Comunica\u00e7\u00e3o Publica\u00e7\u00f5es Produ\u00e7\u00e3o Editorial Websites Administra\u00e7\u00e3o de Crises Alinhamento de Projetos V\u00eddeos Institucionais Programas de Radio e TV News Letter [\/vc_column_text][vc_separator color=&#8221;blue&#8221; css_animation=&#8221;bounceIn&#8221;][\/vc_column][\/vc_row][vc_row][vc_column][vc_column_text] Assessoria de Imprensa \u00a0Relacionamento com a M\u00eddia \u00a0Lan\u00e7amentos<span class=\"excerpt-hellip\"> [\u2026]<\/span><\/p>\n","protected":false},"author":1,"featured_media":0,"parent":0,"menu_order":0,"comment_status":"closed","ping_status":"closed","template":"","meta":{"footnotes":""},"class_list":["post-2260","page","type-page","status-publish","hentry"],"_links":{"self":[{"href":"https:\/\/centraldecomunicacao.com.br\/site\/wp-json\/wp\/v2\/pages\/2260"}],"collection":[{"href":"https:\/\/centraldecomunicacao.com.br\/site\/wp-json\/wp\/v2\/pages"}],"about":[{"href":"https:\/\/centraldecomunicacao.com.br\/site\/wp-json\/wp\/v2\/types\/page"}],"author":[{"embeddable":true,"href":"https:\/\/centraldecomunicacao.com.br\/site\/wp-json\/wp\/v2\/users\/1"}],"replies":[{"embeddable":true,"href":"https:\/\/centraldecomunicacao.com.br\/site\/wp-json\/wp\/v2\/comments?post=2260"}],"version-history":[{"count":0,"href":"https:\/\/centraldecomunicacao.com.br\/site\/wp-json\/wp\/v2\/pages\/2260\/revisions"}],"wp:attachment":[{"href":"https:\/\/centraldecomunicacao.com.br\/site\/wp-json\/wp\/v2\/media?parent=2260"}],"curies":[{"name":"wp","href":"https:\/\/api.w.org\/{rel}","templated":true}]}}